{"id":839,"date":"2011-10-27T14:13:37","date_gmt":"2011-10-27T13:13:37","guid":{"rendered":"http:\/\/beeldhonger.com\/gb5\/?page_id=839"},"modified":"2011-10-27T16:04:06","modified_gmt":"2011-10-27T15:04:06","slug":"nieuwenhuis-nelisse","status":"publish","type":"page","link":"https:\/\/www.gb5.nl\/?page_id=839","title":{"rendered":"Nieuwenhuis &#038; Nelisse"},"content":{"rendered":"<p>Nieuwenhuis &amp; Nelisse combineren hun disciplines schilderen en  fotografie in \u00e9\u00e9n kunstwerk. Op de werkvloer van veelal grote  industri\u00eble bedrijven registreren zij hun impressies direct met penseel  en camera. Door deze methode ontstaan pakkende beeldverhalen die  Nieuwenhuis &amp; Nelisse vervolgens samenvoegen. Zij maken combinatie  kunstwerken van onder andere het betaalde voetbal, de industrie in de  Botlek, de overslag en de agrarische sector.<\/p>\n<p>[nggallery id=43]<\/p>\n","protected":false},"excerpt":{"rendered":"<p>Nieuwenhuis &amp; Nelisse combineren hun disciplines schilderen en fotografie in \u00e9\u00e9n kunstwerk. Op de werkvloer van veelal grote &#8230;<a href=\"https:\/\/www.gb5.nl\/?page_id=839\" class=\"read-more\">Continue Reading<\/a><\/p>\n","protected":false},"author":4,"featured_media":0,"parent":73,"menu_order":0,"comment_status":"open","ping_status":"closed","template":"template-unique-sidebar.php","meta":[],"_links":{"self":[{"href":"https:\/\/www.gb5.nl\/index.php?rest_route=\/wp\/v2\/pages\/839"}],"collection":[{"href":"https:\/\/www.gb5.nl\/index.php?rest_route=\/wp\/v2\/pages"}],"about":[{"href":"https:\/\/www.gb5.nl\/index.php?rest_route=\/wp\/v2\/types\/page"}],"author":[{"embeddable":true,"href":"https:\/\/www.gb5.nl\/index.php?rest_route=\/wp\/v2\/users\/4"}],"replies":[{"embeddable":true,"href":"https:\/\/www.gb5.nl\/index.php?rest_route=%2Fwp%2Fv2%2Fcomments&post=839"}],"version-history":[{"count":3,"href":"https:\/\/www.gb5.nl\/index.php?rest_route=\/wp\/v2\/pages\/839\/revisions"}],"predecessor-version":[{"id":890,"href":"https:\/\/www.gb5.nl\/index.php?rest_route=\/wp\/v2\/pages\/839\/revisions\/890"}],"up":[{"embeddable":true,"href":"https:\/\/www.gb5.nl\/index.php?rest_route=\/wp\/v2\/pages\/73"}],"wp:attachment":[{"href":"https:\/\/www.gb5.nl\/index.php?rest_route=%2Fwp%2Fv2%2Fmedia&parent=839"}],"curies":[{"name":"wp","href":"https:\/\/api.w.org\/{rel}","templated":true}]}}